{"id":31,"date":"2024-10-27T18:17:43","date_gmt":"2024-10-27T17:17:43","guid":{"rendered":"https:\/\/excelenteeducacionmadrid.com\/?page_id=31"},"modified":"2024-11-07T12:54:45","modified_gmt":"2024-11-07T11:54:45","slug":"preparacion-al-examen-dele","status":"publish","type":"page","link":"https:\/\/excelenteeducacionmadrid.com\/en\/preparation-for-the-dele-exam\/","title":{"rendered":"DELE exam preparation"},"content":{"rendered":"<div data-elementor-type=\"wp-page\" data-elementor-id=\"31\" class=\"elementor elementor-31\" data-elementor-post-type=\"page\">\n\t\t\t\t<div class=\"elementor-element elementor-element-e4f9acb e-flex e-con-boxed e-con e-parent\" data-id=\"e4f9acb\" data-element_type=\"container\" data-settings=\"{&quot;background_background&quot;:&quot;classic&quot;}\">\n\t\t\t\t\t<div class=\"e-con-inner\">\n\t\t<div class=\"elementor-element elementor-element-cf2b214 e-con-full e-flex e-con e-child\" data-id=\"cf2b214\" data-element_type=\"container\">\n\t\t\t\t<div class=\"elementor-element elementor-element-1a222e6 elementor-widget__width-initial elementor-widget elementor-widget-heading\" data-id=\"1a222e6\" data-element_type=\"widget\" data-widget_type=\"heading.default\">\n\t\t\t\t<div class=\"elementor-widget-container\">\n\t\t\t<h1 class=\"elementor-heading-title elementor-size-default\">DELE exam preparation<\/h1>\t\t<\/div>\n\t\t\t\t<\/div>\n\t\t\t\t<\/div>\n\t\t\t\t\t<\/div>\n\t\t\t\t<\/div>\n\t\t<div class=\"elementor-element elementor-element-d25752c e-flex e-con-boxed e-con e-parent\" data-id=\"d25752c\" data-element_type=\"container\" data-settings=\"{&quot;background_background&quot;:&quot;classic&quot;}\">\n\t\t\t\t\t<div class=\"e-con-inner\">\n\t\t<div class=\"elementor-element elementor-element-aaf26da e-con-full e-flex elementor-invisible e-con e-child\" data-id=\"aaf26da\" data-element_type=\"container\" data-settings=\"{&quot;animation&quot;:&quot;fadeInLeft&quot;}\">\n\t\t\t\t<div class=\"elementor-element elementor-element-3ede915 elementor-widget elementor-widget-image\" data-id=\"3ede915\" data-element_type=\"widget\" data-widget_type=\"image.default\">\n\t\t\t\t<div class=\"elementor-widget-container\">\n\t\t\t\t\t\t\t\t\t\t\t\t\t<img fetchpriority=\"high\" decoding=\"async\" width=\"740\" height=\"415\" src=\"https:\/\/excelenteeducacionmadrid.com\/wp-content\/uploads\/2024\/11\/estudiantes-examen_1030879-23700.jpg\" class=\"attachment-large size-large wp-image-875\" alt=\"\" srcset=\"https:\/\/excelenteeducacionmadrid.com\/wp-content\/uploads\/2024\/11\/estudiantes-examen_1030879-23700.jpg 740w, https:\/\/excelenteeducacionmadrid.com\/wp-content\/uploads\/2024\/11\/estudiantes-examen_1030879-23700-300x168.jpg 300w\" sizes=\"(max-width: 740px) 100vw, 740px\" \/>\t\t\t\t\t\t\t\t\t\t\t\t\t<\/div>\n\t\t\t\t<\/div>\n\t\t\t\t<\/div>\n\t\t<div class=\"elementor-element elementor-element-4502700 e-con-full e-flex e-con e-child\" data-id=\"4502700\" data-element_type=\"container\">\n\t\t\t\t<div class=\"elementor-element elementor-element-49250dc elementor-widget__width-initial elementor-widget elementor-widget-heading\" data-id=\"49250dc\" data-element_type=\"widget\" data-widget_type=\"heading.default\">\n\t\t\t\t<div class=\"elementor-widget-container\">\n\t\t\t<p class=\"elementor-heading-title elementor-size-default\">DELE preparation course<\/p>\t\t<\/div>\n\t\t\t\t<\/div>\n\t\t\t\t<div class=\"elementor-element elementor-element-236abc5 elementor-widget__width-initial e-n-tabs-mobile elementor-widget elementor-widget-n-tabs\" data-id=\"236abc5\" data-element_type=\"widget\" data-settings=\"{&quot;tabs_justify_horizontal&quot;:&quot;start&quot;,&quot;horizontal_scroll&quot;:&quot;disable&quot;}\" data-widget_type=\"nested-tabs.default\">\n\t\t\t\t<div class=\"elementor-widget-container\">\n\t\t\t\t\t<div class=\"e-n-tabs\" data-widget-number=\"37137349\" aria-label=\"\u9009\u9879\u5361\u3002\u4f7f\u7528 Enter \u6216 Space \u6253\u5f00\u9879\u76ee\uff0c\u4f7f\u7528 ESC \u5173\u95ed\u5e76\u4f7f\u7528\u7bad\u5934\u952e\u5bfc\u822a\u3002\" data-no-translation-aria-label=\"\">\n\t\t\t<div class=\"e-n-tabs-heading\" role=\"tablist\">\n\t\t\t\t\t<button id=\"e-n-tab-title-371373491\" class=\"e-n-tab-title\" aria-selected=\"true\" data-tab-index=\"1\" role=\"tab\" tabindex=\"0\" aria-controls=\"e-n-tab-content-371373491\" style=\"--n-tabs-title-order: 1;\">\n\t\t\t\t\t\t<span class=\"e-n-tab-title-text\">\n\t\t\t\t15h\/Week\t\t\t<\/span>\n\t\t<\/button>\n\t\t\t\t\t<\/div>\n\t\t\t<div class=\"e-n-tabs-content\">\n\t\t\t\t<div id=\"e-n-tab-content-371373491\" role=\"tabpanel\" aria-labelledby=\"e-n-tab-title-371373491\" data-tab-index=\"1\" style=\"--n-tabs-title-order: 1;\" class=\"e-active elementor-element elementor-element-3dde7ea e-con-full e-flex e-con e-child\" data-id=\"3dde7ea\" data-element_type=\"container\">\n\t\t\t\t<div class=\"elementor-element elementor-element-72f296d elementor-icon-list--layout-inline elementor-align-left elementor-list-item-link-full_width elementor-widget elementor-widget-icon-list\" data-id=\"72f296d\" data-element_type=\"widget\" data-widget_type=\"icon-list.default\">\n\t\t\t\t<div class=\"elementor-widget-container\">\n\t\t\t\t\t<ul class=\"elementor-icon-list-items elementor-inline-items\">\n\t\t\t\t\t\t\t<li class=\"elementor-icon-list-item elementor-inline-item\">\n\t\t\t\t\t\t\t\t\t\t\t<span class=\"elementor-icon-list-icon\">\n\t\t\t\t\t\t\t<svg aria-hidden=\"true\" class=\"e-font-icon-svg e-fas-circle\" viewbox=\"0 0 512 512\" xmlns=\"http:\/\/www.w3.org\/2000\/svg\"><path d=\"M256 8C119 8 8 119 8 256s111 248 248 248 248-111 248-248S393 8 256 8z\"><\/path><\/svg>\t\t\t\t\t\t<\/span>\n\t\t\t\t\t\t\t\t\t\t<span class=\"elementor-icon-list-text\">8.5\u20ac\/Class<\/span>\n\t\t\t\t\t\t\t\t\t<\/li>\n\t\t\t\t\t\t\t\t<li class=\"elementor-icon-list-item elementor-inline-item\">\n\t\t\t\t\t\t\t\t\t\t\t<span class=\"elementor-icon-list-icon\">\n\t\t\t\t\t\t\t<svg aria-hidden=\"true\" class=\"e-font-icon-svg e-fas-circle\" viewbox=\"0 0 512 512\" xmlns=\"http:\/\/www.w3.org\/2000\/svg\"><path d=\"M256 8C119 8 8 119 8 256s111 248 248 248 248-111 248-248S393 8 256 8z\"><\/path><\/svg>\t\t\t\t\t\t<\/span>\n\t\t\t\t\t\t\t\t\t\t<span class=\"elementor-icon-list-text\">8 Weeks<\/span>\n\t\t\t\t\t\t\t\t\t<\/li>\n\t\t\t\t\t\t\t\t<li class=\"elementor-icon-list-item elementor-inline-item\">\n\t\t\t\t\t\t\t\t\t\t\t<span class=\"elementor-icon-list-icon\">\n\t\t\t\t\t\t\t<svg aria-hidden=\"true\" class=\"e-font-icon-svg e-fas-circle\" viewbox=\"0 0 512 512\" xmlns=\"http:\/\/www.w3.org\/2000\/svg\"><path d=\"M256 8C119 8 8 119 8 256s111 248 248 248 248-111 248-248S393 8 256 8z\"><\/path><\/svg>\t\t\t\t\t\t<\/span>\n\t\t\t\t\t\t\t\t\t\t<span class=\"elementor-icon-list-text\">1020\u20ac<\/span>\n\t\t\t\t\t\t\t\t\t<\/li>\n\t\t\t\t\t\t<\/ul>\n\t\t\t\t<\/div>\n\t\t\t\t<\/div>\n\t\t\t\t<\/div>\n\t\t\t\t\t<\/div>\n\t\t<\/div>\n\t\t\t\t<\/div>\n\t\t\t\t<\/div>\n\t\t\t\t<div class=\"elementor-element elementor-element-c129431 elementor-align-left elementor-icon-list--layout-traditional elementor-list-item-link-full_width elementor-widget elementor-widget-icon-list\" data-id=\"c129431\" data-element_type=\"widget\" data-widget_type=\"icon-list.default\">\n\t\t\t\t<div class=\"elementor-widget-container\">\n\t\t\t\t\t<ul class=\"elementor-icon-list-items\">\n\t\t\t\t\t\t\t<li class=\"elementor-icon-list-item\">\n\t\t\t\t\t\t\t\t\t\t\t<span class=\"elementor-icon-list-icon\">\n\t\t\t\t\t\t\t<svg aria-hidden=\"true\" class=\"e-font-icon-svg e-fas-circle\" viewbox=\"0 0 512 512\" xmlns=\"http:\/\/www.w3.org\/2000\/svg\"><path d=\"M256 8C119 8 8 119 8 256s111 248 248 248 248-111 248-248S393 8 256 8z\"><\/path><\/svg>\t\t\t\t\t\t<\/span>\n\t\t\t\t\t\t\t\t\t\t<span class=\"elementor-icon-list-text\">Registration and exam fees are not included.<\/span>\n\t\t\t\t\t\t\t\t\t<\/li>\n\t\t\t\t\t\t<\/ul>\n\t\t\t\t<\/div>\n\t\t\t\t<\/div>\n\t\t\t\t<div class=\"elementor-element elementor-element-7506cdc elementor-align-left elementor-icon-list--layout-traditional elementor-list-item-link-full_width elementor-widget elementor-widget-icon-list\" data-id=\"7506cdc\" data-element_type=\"widget\" data-widget_type=\"icon-list.default\">\n\t\t\t\t<div class=\"elementor-widget-container\">\n\t\t\t\t\t<ul class=\"elementor-icon-list-items\">\n\t\t\t\t\t\t\t<li class=\"elementor-icon-list-item\">\n\t\t\t\t\t\t\t\t\t\t\t<span class=\"elementor-icon-list-icon\">\n\t\t\t\t\t\t\t<svg aria-hidden=\"true\" class=\"e-font-icon-svg e-fas-circle\" viewbox=\"0 0 512 512\" xmlns=\"http:\/\/www.w3.org\/2000\/svg\"><path d=\"M256 8C119 8 8 119 8 256s111 248 248 248 248-111 248-248S393 8 256 8z\"><\/path><\/svg>\t\t\t\t\t\t<\/span>\n\t\t\t\t\t\t\t\t\t\t<span class=\"elementor-icon-list-text\"><b>Start date:<\/b> First Monday of each term.<\/span>\n\t\t\t\t\t\t\t\t\t<\/li>\n\t\t\t\t\t\t\t\t<li class=\"elementor-icon-list-item\">\n\t\t\t\t\t\t\t\t\t\t\t<span class=\"elementor-icon-list-icon\">\n\t\t\t\t\t\t\t<svg aria-hidden=\"true\" class=\"e-font-icon-svg e-fas-circle\" viewbox=\"0 0 512 512\" xmlns=\"http:\/\/www.w3.org\/2000\/svg\"><path d=\"M256 8C119 8 8 119 8 256s111 248 248 248 248-111 248-248S393 8 256 8z\"><\/path><\/svg>\t\t\t\t\t\t<\/span>\n\t\t\t\t\t\t\t\t\t\t<span class=\"elementor-icon-list-text\"><b>Lesson per week:<\/b> 15 Classes<\/span>\n\t\t\t\t\t\t\t\t\t<\/li>\n\t\t\t\t\t\t\t\t<li class=\"elementor-icon-list-item\">\n\t\t\t\t\t\t\t\t\t\t\t<span class=\"elementor-icon-list-icon\">\n\t\t\t\t\t\t\t<svg aria-hidden=\"true\" class=\"e-font-icon-svg e-fas-circle\" viewbox=\"0 0 512 512\" xmlns=\"http:\/\/www.w3.org\/2000\/svg\"><path d=\"M256 8C119 8 8 119 8 256s111 248 248 248 248-111 248-248S393 8 256 8z\"><\/path><\/svg>\t\t\t\t\t\t<\/span>\n\t\t\t\t\t\t\t\t\t\t<span class=\"elementor-icon-list-text\"><b>Duration:<\/b> Minimum 8 weeks<\/span>\n\t\t\t\t\t\t\t\t\t<\/li>\n\t\t\t\t\t\t\t\t<li class=\"elementor-icon-list-item\">\n\t\t\t\t\t\t\t\t\t\t\t<span class=\"elementor-icon-list-icon\">\n\t\t\t\t\t\t\t<svg aria-hidden=\"true\" class=\"e-font-icon-svg e-fas-circle\" viewbox=\"0 0 512 512\" xmlns=\"http:\/\/www.w3.org\/2000\/svg\"><path d=\"M256 8C119 8 8 119 8 256s111 248 248 248 248-111 248-248S393 8 256 8z\"><\/path><\/svg>\t\t\t\t\t\t<\/span>\n\t\t\t\t\t\t\t\t\t\t<span class=\"elementor-icon-list-text\"><b>Levels:<\/b> All levels A1-C2<\/span>\n\t\t\t\t\t\t\t\t\t<\/li>\n\t\t\t\t\t\t\t\t<li class=\"elementor-icon-list-item\">\n\t\t\t\t\t\t\t\t\t\t\t<span class=\"elementor-icon-list-icon\">\n\t\t\t\t\t\t\t<svg aria-hidden=\"true\" class=\"e-font-icon-svg e-fas-circle\" viewbox=\"0 0 512 512\" xmlns=\"http:\/\/www.w3.org\/2000\/svg\"><path d=\"M256 8C119 8 8 119 8 256s111 248 248 248 248-111 248-248S393 8 256 8z\"><\/path><\/svg>\t\t\t\t\t\t<\/span>\n\t\t\t\t\t\t\t\t\t\t<span class=\"elementor-icon-list-text\"><b>Number of students in class:<\/b> 6-10P<\/span>\n\t\t\t\t\t\t\t\t\t<\/li>\n\t\t\t\t\t\t\t\t<li class=\"elementor-icon-list-item\">\n\t\t\t\t\t\t\t\t\t\t\t<span class=\"elementor-icon-list-icon\">\n\t\t\t\t\t\t\t<svg aria-hidden=\"true\" class=\"e-font-icon-svg e-fas-circle\" viewbox=\"0 0 512 512\" xmlns=\"http:\/\/www.w3.org\/2000\/svg\"><path d=\"M256 8C119 8 8 119 8 256s111 248 248 248 248-111 248-248S393 8 256 8z\"><\/path><\/svg>\t\t\t\t\t\t<\/span>\n\t\t\t\t\t\t\t\t\t\t<span class=\"elementor-icon-list-text\"><b>Duration of each class:<\/b> 50 minutes\/class<\/span>\n\t\t\t\t\t\t\t\t\t<\/li>\n\t\t\t\t\t\t\t\t<li class=\"elementor-icon-list-item\">\n\t\t\t\t\t\t\t\t\t\t\t<span class=\"elementor-icon-list-icon\">\n\t\t\t\t\t\t\t<svg aria-hidden=\"true\" class=\"e-font-icon-svg e-fas-circle\" viewbox=\"0 0 512 512\" xmlns=\"http:\/\/www.w3.org\/2000\/svg\"><path d=\"M256 8C119 8 8 119 8 256s111 248 248 248 248-111 248-248S393 8 256 8z\"><\/path><\/svg>\t\t\t\t\t\t<\/span>\n\t\t\t\t\t\t\t\t\t\t<span class=\"elementor-icon-list-text\"><b>Minimum age:<\/b> 16 years<\/span>\n\t\t\t\t\t\t\t\t\t<\/li>\n\t\t\t\t\t\t\t\t<li class=\"elementor-icon-list-item\">\n\t\t\t\t\t\t\t\t\t\t\t<span class=\"elementor-icon-list-icon\">\n\t\t\t\t\t\t\t<svg aria-hidden=\"true\" class=\"e-font-icon-svg e-fas-circle\" viewbox=\"0 0 512 512\" xmlns=\"http:\/\/www.w3.org\/2000\/svg\"><path d=\"M256 8C119 8 8 119 8 256s111 248 248 248 248-111 248-248S393 8 256 8z\"><\/path><\/svg>\t\t\t\t\t\t<\/span>\n\t\t\t\t\t\t\t\t\t\t<span class=\"elementor-icon-list-text\"><b>Registration:<\/b> We help you to manage your enrolment<\/span>\n\t\t\t\t\t\t\t\t\t<\/li>\n\t\t\t\t\t\t<\/ul>\n\t\t\t\t<\/div>\n\t\t\t\t<\/div>\n\t\t\t\t<\/div>\n\t\t\t\t\t<\/div>\n\t\t\t\t<\/div>\n\t\t<div class=\"elementor-element elementor-element-9a3627d e-flex e-con-boxed e-con e-parent\" data-id=\"9a3627d\" data-element_type=\"container\" data-settings=\"{&quot;background_background&quot;:&quot;classic&quot;}\">\n\t\t\t\t\t<div class=\"e-con-inner\">\n\t\t<div class=\"elementor-element elementor-element-40f3fbb e-con-full e-flex e-con e-child\" data-id=\"40f3fbb\" data-element_type=\"container\">\n\t\t\t\t<div class=\"elementor-element elementor-element-8730dcb elementor-widget elementor-widget-heading\" data-id=\"8730dcb\" data-element_type=\"widget\" data-widget_type=\"heading.default\">\n\t\t\t\t<div class=\"elementor-widget-container\">\n\t\t\t<h2 class=\"elementor-heading-title elementor-size-default\">What are DELE courses?<\/h2>\t\t<\/div>\n\t\t\t\t<\/div>\n\t\t\t\t<\/div>\n\t\t<div class=\"elementor-element elementor-element-a63144c e-con-full e-flex e-con e-child\" data-id=\"a63144c\" data-element_type=\"container\">\n\t\t\t\t<div class=\"elementor-element elementor-element-f9fb39b elementor-widget__width-initial elementor-widget elementor-widget-text-editor\" data-id=\"f9fb39b\" data-element_type=\"widget\" data-widget_type=\"text-editor.default\">\n\t\t\t\t<div class=\"elementor-widget-container\">\n\t\t\t\t\t\t\t<p><span style=\"font-weight: 400;\">DELE preparation courses are programmes designed to help students prepare for the DELE exam. <\/span><b>Diploma in Spanish as a Foreign Language (DELE)<\/b><span style=\"font-weight: 400;\">The exams are an official certification of proficiency in the Spanish language. These exams are accredited by the Cervantes Institute and the Spanish Ministry of Education and are internationally recognised and useful for those who wish to work, study or integrate in a Spanish-speaking country.<\/span><\/p><p><span style=\"font-weight: 400;\">The DELE courses focus on teaching students the skills necessary to pass the exams at different levels (A1, A2, B1, B2, C1 and C2), covering reading comprehension, speaking and listening, writing and reading comprehension.<\/span><\/p>\t\t\t\t\t\t<\/div>\n\t\t\t\t<\/div>\n\t\t\t\t<\/div>\n\t\t<div class=\"elementor-element elementor-element-bbb82b7 e-con-full e-flex e-con e-child\" data-id=\"bbb82b7\" data-element_type=\"container\">\n\t\t\t\t<div class=\"elementor-element elementor-element-bd88da6 elementor-widget__width-initial elementor-widget elementor-widget-text-editor\" data-id=\"bd88da6\" data-element_type=\"widget\" data-widget_type=\"text-editor.default\">\n\t\t\t\t<div class=\"elementor-widget-container\">\n\t\t\t\t\t\t\t<p><b>Want to book your place today?<\/b><\/p>\t\t\t\t\t\t<\/div>\n\t\t\t\t<\/div>\n\t\t\t\t<div class=\"elementor-element elementor-element-548d33b elementor-align-center elementor-widget elementor-widget-button\" data-id=\"548d33b\" data-element_type=\"widget\" data-widget_type=\"button.default\">\n\t\t\t\t<div class=\"elementor-widget-container\">\n\t\t\t\t\t\t\t<div class=\"elementor-button-wrapper\">\n\t\t\t\t\t<a class=\"elementor-button elementor-button-link elementor-size-sm\" href=\"https:\/\/excelenteeducacionmadrid.com\/en\/contact\/\">\n\t\t\t\t\t\t<span class=\"elementor-button-content-wrapper\">\n\t\t\t\t\t\t\t\t\t<span class=\"elementor-button-text\">Contact with us<\/span>\n\t\t\t\t\t<\/span>\n\t\t\t\t\t<\/a>\n\t\t\t\t<\/div>\n\t\t\t\t\t\t<\/div>\n\t\t\t\t<\/div>\n\t\t\t\t<\/div>\n\t\t\t\t\t<\/div>\n\t\t\t\t<\/div>\n\t\t\t\t<\/div>","protected":false},"excerpt":{"rendered":"<p>DELE exam preparation DELE preparation course 15h\/Week 8.5\u20ac\/Class 8 Weeks 1020\u20ac 8.5\u20ac\/Class 8 Weeks 1020\u20ac Registration and exam fees are not included. Starting date: First Monday of each term. Lesson per week: 15 Lessons Duration: Minimum 8 weeks Levels: All levels A1-C2 Number of students in class: 6-10P [...]<\/p>","protected":false},"author":1,"featured_media":0,"parent":0,"menu_order":0,"comment_status":"closed","ping_status":"closed","template":"","meta":{"_joinchat":[],"footnotes":""},"class_list":["post-31","page","type-page","status-publish","hentry"],"yoast_head":"<!-- This site is optimized with the Yoast SEO plugin v23.8 - https:\/\/yoast.com\/wordpress\/plugins\/seo\/ -->\n<title>Preparaci\u00f3n al ex\u00e1men DELE | Excelente Educaci\u00f3n Madrid<\/title>\n<meta name=\"robots\" content=\"index, follow, max-snippet:-1, max-image-preview:large, max-video-preview:-1\" \/>\n<link rel=\"canonical\" href=\"https:\/\/excelenteeducacionmadrid.com\/en\/preparation-for-the-dele-exam\/\" \/>\n<meta property=\"og:locale\" content=\"en_GB\" \/>\n<meta property=\"og:type\" content=\"article\" \/>\n<meta property=\"og:title\" content=\"Preparaci\u00f3n al ex\u00e1men DELE | Excelente Educaci\u00f3n Madrid\" \/>\n<meta property=\"og:description\" content=\"Preparaci\u00f3n al examen DELE Curso preparaci\u00f3n DELE 15h\/Semana 8.5\u20ac\/Clase 8 Semanas 1020\u20ac 8.5\u20ac\/Clase 8 Semanas 1020\u20ac Las tasas de inscripci\u00f3n y del examen no est\u00e1s incluidos. Fecha de comienzo: Primer lunes de cada trimestre. Lecci\u00f3n a la semana: 15 Clases Duraci\u00f3n: M\u00ednimo 8 semanas Niveles: Todos los niveles A1-C2 N\u00famero de estudiantes en clase: 6-10P [&hellip;]\" \/>\n<meta property=\"og:url\" content=\"https:\/\/excelenteeducacionmadrid.com\/en\/preparation-for-the-dele-exam\/\" \/>\n<meta property=\"og:site_name\" content=\"Excelente Educaci\u00f3n Madrid\" \/>\n<meta property=\"article:modified_time\" content=\"2024-11-07T11:54:45+00:00\" \/>\n<meta property=\"og:image\" content=\"https:\/\/excelenteeducacionmadrid.com\/wp-content\/uploads\/2024\/11\/estudiantes-examen_1030879-23700.jpg\" \/>\n<meta name=\"twitter:card\" content=\"summary_large_image\" \/>\n<meta name=\"twitter:label1\" content=\"Estimated reading time\" \/>\n\t<meta name=\"twitter:data1\" content=\"2 minutes\" \/>\n<script type=\"application\/ld+json\" class=\"yoast-schema-graph\">{\"@context\":\"https:\/\/schema.org\",\"@graph\":[{\"@type\":\"WebPage\",\"@id\":\"https:\/\/excelenteeducacionmadrid.com\/preparacion-al-examen-dele\/\",\"url\":\"https:\/\/excelenteeducacionmadrid.com\/preparacion-al-examen-dele\/\",\"name\":\"Preparaci\u00f3n al ex\u00e1men DELE | Excelente Educaci\u00f3n Madrid\",\"isPartOf\":{\"@id\":\"https:\/\/excelenteeducacionmadrid.com\/#website\"},\"primaryImageOfPage\":{\"@id\":\"https:\/\/excelenteeducacionmadrid.com\/preparacion-al-examen-dele\/#primaryimage\"},\"image\":{\"@id\":\"https:\/\/excelenteeducacionmadrid.com\/preparacion-al-examen-dele\/#primaryimage\"},\"thumbnailUrl\":\"https:\/\/excelenteeducacionmadrid.com\/wp-content\/uploads\/2024\/11\/estudiantes-examen_1030879-23700.jpg\",\"datePublished\":\"2024-10-27T17:17:43+00:00\",\"dateModified\":\"2024-11-07T11:54:45+00:00\",\"breadcrumb\":{\"@id\":\"https:\/\/excelenteeducacionmadrid.com\/preparacion-al-examen-dele\/#breadcrumb\"},\"inLanguage\":\"en-GB\",\"potentialAction\":[{\"@type\":\"ReadAction\",\"target\":[\"https:\/\/excelenteeducacionmadrid.com\/preparacion-al-examen-dele\/\"]}]},{\"@type\":\"ImageObject\",\"inLanguage\":\"en-GB\",\"@id\":\"https:\/\/excelenteeducacionmadrid.com\/preparacion-al-examen-dele\/#primaryimage\",\"url\":\"https:\/\/excelenteeducacionmadrid.com\/wp-content\/uploads\/2024\/11\/estudiantes-examen_1030879-23700.jpg\",\"contentUrl\":\"https:\/\/excelenteeducacionmadrid.com\/wp-content\/uploads\/2024\/11\/estudiantes-examen_1030879-23700.jpg\"},{\"@type\":\"BreadcrumbList\",\"@id\":\"https:\/\/excelenteeducacionmadrid.com\/preparacion-al-examen-dele\/#breadcrumb\",\"itemListElement\":[{\"@type\":\"ListItem\",\"position\":1,\"name\":\"Portada\",\"item\":\"https:\/\/excelenteeducacionmadrid.com\/\"},{\"@type\":\"ListItem\",\"position\":2,\"name\":\"Preparaci\u00f3n al ex\u00e1men DELE\"}]},{\"@type\":\"WebSite\",\"@id\":\"https:\/\/excelenteeducacionmadrid.com\/#website\",\"url\":\"https:\/\/excelenteeducacionmadrid.com\/\",\"name\":\"Excelente Educaci\u00f3n Madrid\",\"description\":\"Escuela de Idiomas\",\"publisher\":{\"@id\":\"https:\/\/excelenteeducacionmadrid.com\/#\/schema\/person\/9911ead2ffce8ea377cd7cdde2fa295c\"},\"alternateName\":\"EEM\",\"potentialAction\":[{\"@type\":\"SearchAction\",\"target\":{\"@type\":\"EntryPoint\",\"urlTemplate\":\"https:\/\/excelenteeducacionmadrid.com\/?s={search_term_string}\"},\"query-input\":{\"@type\":\"PropertyValueSpecification\",\"valueRequired\":true,\"valueName\":\"search_term_string\"}}],\"inLanguage\":\"en-GB\"},{\"@type\":[\"Person\",\"Organization\"],\"@id\":\"https:\/\/excelenteeducacionmadrid.com\/#\/schema\/person\/9911ead2ffce8ea377cd7cdde2fa295c\",\"name\":\"david\",\"image\":{\"@type\":\"ImageObject\",\"inLanguage\":\"en-GB\",\"@id\":\"https:\/\/excelenteeducacionmadrid.com\/#\/schema\/person\/image\/\",\"url\":\"https:\/\/excelenteeducacionmadrid.com\/wp-content\/uploads\/2024\/10\/imagen-sitio-para-yoast.png\",\"contentUrl\":\"https:\/\/excelenteeducacionmadrid.com\/wp-content\/uploads\/2024\/10\/imagen-sitio-para-yoast.png\",\"width\":1200,\"height\":675,\"caption\":\"david\"},\"logo\":{\"@id\":\"https:\/\/excelenteeducacionmadrid.com\/#\/schema\/person\/image\/\"}}]}<\/script>\n<!-- \/ Yoast SEO plugin. -->","yoast_head_json":{"title":"Preparaci\u00f3n al ex\u00e1men DELE | Excelente Educaci\u00f3n Madrid","robots":{"index":"index","follow":"follow","max-snippet":"max-snippet:-1","max-image-preview":"max-image-preview:large","max-video-preview":"max-video-preview:-1"},"canonical":"https:\/\/excelenteeducacionmadrid.com\/en\/preparation-for-the-dele-exam\/","og_locale":"en_GB","og_type":"article","og_title":"Preparaci\u00f3n al ex\u00e1men DELE | Excelente Educaci\u00f3n Madrid","og_description":"Preparaci\u00f3n al examen DELE Curso preparaci\u00f3n DELE 15h\/Semana 8.5\u20ac\/Clase 8 Semanas 1020\u20ac 8.5\u20ac\/Clase 8 Semanas 1020\u20ac Las tasas de inscripci\u00f3n y del examen no est\u00e1s incluidos. Fecha de comienzo: Primer lunes de cada trimestre. Lecci\u00f3n a la semana: 15 Clases Duraci\u00f3n: M\u00ednimo 8 semanas Niveles: Todos los niveles A1-C2 N\u00famero de estudiantes en clase: 6-10P [&hellip;]","og_url":"https:\/\/excelenteeducacionmadrid.com\/en\/preparation-for-the-dele-exam\/","og_site_name":"Excelente Educaci\u00f3n Madrid","article_modified_time":"2024-11-07T11:54:45+00:00","og_image":[{"url":"https:\/\/excelenteeducacionmadrid.com\/wp-content\/uploads\/2024\/11\/estudiantes-examen_1030879-23700.jpg"}],"twitter_card":"summary_large_image","twitter_misc":{"Estimated reading time":"2 minutes"},"schema":{"@context":"https:\/\/schema.org","@graph":[{"@type":"WebPage","@id":"https:\/\/excelenteeducacionmadrid.com\/preparacion-al-examen-dele\/","url":"https:\/\/excelenteeducacionmadrid.com\/preparacion-al-examen-dele\/","name":"Preparaci\u00f3n al ex\u00e1men DELE | Excelente Educaci\u00f3n Madrid","isPartOf":{"@id":"https:\/\/excelenteeducacionmadrid.com\/#website"},"primaryImageOfPage":{"@id":"https:\/\/excelenteeducacionmadrid.com\/preparacion-al-examen-dele\/#primaryimage"},"image":{"@id":"https:\/\/excelenteeducacionmadrid.com\/preparacion-al-examen-dele\/#primaryimage"},"thumbnailUrl":"https:\/\/excelenteeducacionmadrid.com\/wp-content\/uploads\/2024\/11\/estudiantes-examen_1030879-23700.jpg","datePublished":"2024-10-27T17:17:43+00:00","dateModified":"2024-11-07T11:54:45+00:00","breadcrumb":{"@id":"https:\/\/excelenteeducacionmadrid.com\/preparacion-al-examen-dele\/#breadcrumb"},"inLanguage":"en-GB","potentialAction":[{"@type":"ReadAction","target":["https:\/\/excelenteeducacionmadrid.com\/preparacion-al-examen-dele\/"]}]},{"@type":"ImageObject","inLanguage":"en-GB","@id":"https:\/\/excelenteeducacionmadrid.com\/preparacion-al-examen-dele\/#primaryimage","url":"https:\/\/excelenteeducacionmadrid.com\/wp-content\/uploads\/2024\/11\/estudiantes-examen_1030879-23700.jpg","contentUrl":"https:\/\/excelenteeducacionmadrid.com\/wp-content\/uploads\/2024\/11\/estudiantes-examen_1030879-23700.jpg"},{"@type":"BreadcrumbList","@id":"https:\/\/excelenteeducacionmadrid.com\/preparacion-al-examen-dele\/#breadcrumb","itemListElement":[{"@type":"ListItem","position":1,"name":"Portada","item":"https:\/\/excelenteeducacionmadrid.com\/"},{"@type":"ListItem","position":2,"name":"Preparaci\u00f3n al ex\u00e1men DELE"}]},{"@type":"WebSite","@id":"https:\/\/excelenteeducacionmadrid.com\/#website","url":"https:\/\/excelenteeducacionmadrid.com\/","name":"Excelente Educaci\u00f3n Madrid","description":"Escuela de Idiomas","publisher":{"@id":"https:\/\/excelenteeducacionmadrid.com\/#\/schema\/person\/9911ead2ffce8ea377cd7cdde2fa295c"},"alternateName":"EEM","potentialAction":[{"@type":"SearchAction","target":{"@type":"EntryPoint","urlTemplate":"https:\/\/excelenteeducacionmadrid.com\/?s={search_term_string}"},"query-input":{"@type":"PropertyValueSpecification","valueRequired":true,"valueName":"search_term_string"}}],"inLanguage":"en-GB"},{"@type":["Person","Organization"],"@id":"https:\/\/excelenteeducacionmadrid.com\/#\/schema\/person\/9911ead2ffce8ea377cd7cdde2fa295c","name":"david","image":{"@type":"ImageObject","inLanguage":"en-GB","@id":"https:\/\/excelenteeducacionmadrid.com\/#\/schema\/person\/image\/","url":"https:\/\/excelenteeducacionmadrid.com\/wp-content\/uploads\/2024\/10\/imagen-sitio-para-yoast.png","contentUrl":"https:\/\/excelenteeducacionmadrid.com\/wp-content\/uploads\/2024\/10\/imagen-sitio-para-yoast.png","width":1200,"height":675,"caption":"david"},"logo":{"@id":"https:\/\/excelenteeducacionmadrid.com\/#\/schema\/person\/image\/"}}]}},"_links":{"self":[{"href":"https:\/\/excelenteeducacionmadrid.com\/en\/wp-json\/wp\/v2\/pages\/31","targetHints":{"allow":["GET"]}}],"collection":[{"href":"https:\/\/excelenteeducacionmadrid.com\/en\/wp-json\/wp\/v2\/pages"}],"about":[{"href":"https:\/\/excelenteeducacionmadrid.com\/en\/wp-json\/wp\/v2\/types\/page"}],"author":[{"embeddable":true,"href":"https:\/\/excelenteeducacionmadrid.com\/en\/wp-json\/wp\/v2\/users\/1"}],"replies":[{"embeddable":true,"href":"https:\/\/excelenteeducacionmadrid.com\/en\/wp-json\/wp\/v2\/comments?post=31"}],"version-history":[{"count":43,"href":"https:\/\/excelenteeducacionmadrid.com\/en\/wp-json\/wp\/v2\/pages\/31\/revisions"}],"predecessor-version":[{"id":1089,"href":"https:\/\/excelenteeducacionmadrid.com\/en\/wp-json\/wp\/v2\/pages\/31\/revisions\/1089"}],"wp:attachment":[{"href":"https:\/\/excelenteeducacionmadrid.com\/en\/wp-json\/wp\/v2\/media?parent=31"}],"curies":[{"name":"wp","href":"https:\/\/api.w.org\/{rel}","templated":true}]}}